{"id":42,"date":"2023-08-08T16:56:50","date_gmt":"2023-08-08T16:56:50","guid":{"rendered":"https:\/\/defiscalisant.com\/?page_id=42"},"modified":"2023-09-05T16:02:23","modified_gmt":"2023-09-05T16:02:23","slug":"konfidenczialnost","status":"publish","type":"page","link":"https:\/\/daleharvey.org\/cs\/duveryhodnost\/","title":{"rendered":"Soukrom\u00ed"},"content":{"rendered":"<h2>Z\u00e1sady ochrany osobn\u00edch \u00fadaj\u016f pro daleharvey.org<\/h2>\n<p>V\u00edtejte na daleharvey.org. Va\u0161e soukrom\u00ed je pro n\u00e1s nanejv\u00fd\u0161 d\u016fle\u017eit\u00e9. Tyto z\u00e1sady ochrany osobn\u00edch \u00fadaj\u016f popisuj\u00ed typy osobn\u00edch \u00fadaj\u016f, kter\u00e9 shroma\u017e\u010fujeme, a zp\u016fsob, jak\u00fdm tyto informace pou\u017e\u00edv\u00e1me, sd\u00edl\u00edme, udr\u017eujeme a chr\u00e1n\u00edme.<\/p>\n<h3>1. Informace, kter\u00e9 shroma\u017e\u010fujeme<\/h3>\n<h4>1.1 Informace poskytnut\u00e9 u\u017eivateli<\/h4>\n<p>M\u016f\u017eeme shroma\u017e\u010fovat informace, kter\u00e9 n\u00e1m poskytnete p\u0159\u00edmo, nap\u0159\u00edklad kdy\u017e se zaregistrujete, zve\u0159ejn\u00edte obsah nebo s n\u00e1mi komunikujete.<\/p>\n<h4>1.2 Automatizovan\u00fd sb\u011br dat<\/h4>\n<p>Kdy\u017e nav\u0161t\u00edv\u00edte na\u0161e str\u00e1nky, m\u016f\u017eeme automaticky shroma\u017e\u010fovat informace o va\u0161em za\u0159\u00edzen\u00ed, v\u010detn\u011b IP adresy, typu prohl\u00ed\u017ee\u010de, opera\u010dn\u00edho syst\u00e9mu a dal\u0161\u00edch technick\u00fdch informac\u00ed.<\/p>\n<h3>2. Jak pou\u017e\u00edv\u00e1me va\u0161e \u00fadaje<\/h3>\n<p>Va\u0161e \u00fadaje pou\u017e\u00edv\u00e1me k:<\/p>\n<ul>\n<li>Poskytujte, udr\u017eujte a vylep\u0161ujte na\u0161e str\u00e1nky<\/li>\n<li>Odpov\u011bzte na va\u0161e dotazy a koment\u00e1\u0159e<\/li>\n<li>Zas\u00edlejte v\u00e1m aktualizace a propaga\u010dn\u00ed materi\u00e1ly<\/li>\n<li>Monitorujte a analyzujte pou\u017e\u00edv\u00e1n\u00ed a trendy webu<\/li>\n<\/ul>\n<h3>3. Sd\u00edlen\u00ed va\u0161ich informac\u00ed<\/h3>\n<p>Va\u0161e osobn\u00ed \u00fadaje neprod\u00e1v\u00e1me ani nepronaj\u00edm\u00e1me t\u0159et\u00edm stran\u00e1m. Va\u0161e informace m\u016f\u017eeme sd\u00edlet s:<\/p>\n<ul>\n<li>Poskytovatel\u00e9 slu\u017eeb, kte\u0159\u00ed prov\u00e1d\u011bj\u00ed slu\u017eby na\u0161\u00edm jm\u00e9nem<\/li>\n<li>V reakci na pr\u00e1vn\u00ed procesy nebo v p\u0159\u00edpad\u011b, kdy je vy\u017eadov\u00e1no dodr\u017eov\u00e1n\u00ed z\u00e1kona<\/li>\n<\/ul>\n<h3>4. Soubory cookie a sledov\u00e1n\u00ed<\/h3>\n<p>Pou\u017e\u00edv\u00e1me soubory cookie a podobn\u00e9 technologie, abychom v\u00e1s rozpoznali, sledovali va\u0161i aktivitu a p\u0159izp\u016fsobili va\u0161e zku\u0161enosti.<\/p>\n<h3>5. Zabezpe\u010den\u00ed dat<\/h3>\n<p>P\u0159ij\u00edm\u00e1me opat\u0159en\u00ed k ochran\u011b va\u0161ich osobn\u00edch \u00fadaj\u016f p\u0159ed neopr\u00e1vn\u011bn\u00fdm p\u0159\u00edstupem, pou\u017eit\u00edm a zve\u0159ejn\u011bn\u00edm.<\/p>\n<h3>6. Soukrom\u00ed d\u011bt\u00ed<\/h3>\n<p>Na\u0161e str\u00e1nky nejsou ur\u010deny pro pou\u017eit\u00ed d\u011btmi mlad\u0161\u00edmi 13 let. V\u011bdom\u011b neshroma\u017e\u010fujeme osobn\u00ed \u00fadaje od d\u011bt\u00ed mlad\u0161\u00edch 13 let.<\/p>\n<h3>7. Odkazy t\u0159et\u00edch stran<\/h3>\n<p>Na\u0161e str\u00e1nky mohou obsahovat odkazy na webov\u00e9 str\u00e1nky t\u0159et\u00edch stran. Nejsme zodpov\u011bdn\u00ed za postupy ochrany osobn\u00edch \u00fadaj\u016f nebo obsah t\u011bchto str\u00e1nek t\u0159et\u00edch stran.<\/p>\n<h3>8. Zm\u011bny Z\u00e1sad ochrany osobn\u00edch \u00fadaj\u016f<\/h3>\n<p>Tyto Z\u00e1sady ochrany osobn\u00edch \u00fadaj\u016f m\u016f\u017eeme \u010das od \u010dasu aktualizovat. Pokud provedeme v\u00fdznamn\u00e9 zm\u011bny, upozorn\u00edme v\u00e1s na to prost\u0159ednictv\u00edm webu nebo jin\u00fdm zp\u016fsobem.<\/p>\n<h3><\/h3>\n<p>&nbsp;<\/p>","protected":false},"excerpt":{"rendered":"<p>Z\u00e1sady ochrany osobn\u00edch \u00fadaj\u016f pro daleharvey.org V\u00edtejte na daleharvey.org. Va\u0161e soukrom\u00ed je pro n\u00e1s nanejv\u00fd\u0161 d\u016fle\u017eit\u00e9. Tyto Z\u00e1sady ochrany osobn\u00edch \u00fadaj\u016f<\/p>","protected":false},"author":1,"featured_media":0,"parent":0,"menu_order":0,"comment_status":"closed","ping_status":"closed","template":"","meta":{"footnotes":""},"class_list":["post-42","page","type-page","status-publish","hentry"],"yoast_head":"<!-- This site is optimized with the Yoast SEO plugin v20.13 - https:\/\/yoast.com\/wordpress\/plugins\/seo\/ -->\n<title>Privacy -<\/title>\n<meta name=\"robots\" content=\"index, follow, max-snippet:-1, max-image-preview:large, max-video-preview:-1\" \/>\n<link rel=\"canonical\" href=\"https:\/\/daleharvey.org\/cs\/duveryhodnost\/\" \/>\n<meta property=\"og:locale\" content=\"cs_CZ\" \/>\n<meta property=\"og:type\" content=\"article\" \/>\n<meta property=\"og:title\" content=\"Privacy -\" \/>\n<meta property=\"og:description\" content=\"Privacy Policy for daleharvey.org Welcome to daleharvey.org. Your privacy is of utmost importance to us. This Privacy Policy\" \/>\n<meta property=\"og:url\" content=\"https:\/\/daleharvey.org\/cs\/duveryhodnost\/\" \/>\n<meta property=\"article:modified_time\" content=\"2023-09-05T16:02:23+00:00\" \/>\n<meta name=\"twitter:card\" content=\"summary_large_image\" \/>\n<meta name=\"twitter:label1\" content=\"Odhadovan\u00e1 doba \u010dten\u00ed\" \/>\n\t<meta name=\"twitter:data1\" content=\"2 minuty\" \/>\n<script type=\"application\/ld+json\" class=\"yoast-schema-graph\">{\"@context\":\"https:\/\/schema.org\",\"@graph\":[{\"@type\":\"WebPage\",\"@id\":\"https:\/\/daleharvey.org\/konfidenczialnost\/\",\"url\":\"https:\/\/daleharvey.org\/konfidenczialnost\/\",\"name\":\"Privacy -\",\"isPartOf\":{\"@id\":\"https:\/\/daleharvey.org\/#website\"},\"datePublished\":\"2023-08-08T16:56:50+00:00\",\"dateModified\":\"2023-09-05T16:02:23+00:00\",\"breadcrumb\":{\"@id\":\"https:\/\/daleharvey.org\/konfidenczialnost\/#breadcrumb\"},\"inLanguage\":\"cs\",\"potentialAction\":[{\"@type\":\"ReadAction\",\"target\":[\"https:\/\/daleharvey.org\/konfidenczialnost\/\"]}]},{\"@type\":\"BreadcrumbList\",\"@id\":\"https:\/\/daleharvey.org\/konfidenczialnost\/#breadcrumb\",\"itemListElement\":[{\"@type\":\"ListItem\",\"position\":1,\"name\":\"\u0413\u043b\u0430\u0432\u043d\u0430\u044f \u0441\u0442\u0440\u0430\u043d\u0438\u0446\u0430\",\"item\":\"https:\/\/daleharvey.org\/\"},{\"@type\":\"ListItem\",\"position\":2,\"name\":\"Privacy\"}]},{\"@type\":\"WebSite\",\"@id\":\"https:\/\/daleharvey.org\/#website\",\"url\":\"https:\/\/daleharvey.org\/\",\"name\":\"\",\"description\":\"Welcome to the ultimate online destination for all things steamy, sizzling, and sensational \u2013 the Sex Show Blog Hub! \ud83d\udd25\",\"potentialAction\":[{\"@type\":\"SearchAction\",\"target\":{\"@type\":\"EntryPoint\",\"urlTemplate\":\"https:\/\/daleharvey.org\/?s={search_term_string}\"},\"query-input\":\"required name=search_term_string\"}],\"inLanguage\":\"cs\"}]}<\/script>\n<!-- \/ Yoast SEO plugin. -->","yoast_head_json":{"title":"Privacy -","robots":{"index":"index","follow":"follow","max-snippet":"max-snippet:-1","max-image-preview":"max-image-preview:large","max-video-preview":"max-video-preview:-1"},"canonical":"https:\/\/daleharvey.org\/cs\/duveryhodnost\/","og_locale":"cs_CZ","og_type":"article","og_title":"Privacy -","og_description":"Privacy Policy for daleharvey.org Welcome to daleharvey.org. Your privacy is of utmost importance to us. This Privacy Policy","og_url":"https:\/\/daleharvey.org\/cs\/duveryhodnost\/","article_modified_time":"2023-09-05T16:02:23+00:00","twitter_card":"summary_large_image","twitter_misc":{"Odhadovan\u00e1 doba \u010dten\u00ed":"2 minuty"},"schema":{"@context":"https:\/\/schema.org","@graph":[{"@type":"WebPage","@id":"https:\/\/daleharvey.org\/konfidenczialnost\/","url":"https:\/\/daleharvey.org\/konfidenczialnost\/","name":"Privacy -","isPartOf":{"@id":"https:\/\/daleharvey.org\/#website"},"datePublished":"2023-08-08T16:56:50+00:00","dateModified":"2023-09-05T16:02:23+00:00","breadcrumb":{"@id":"https:\/\/daleharvey.org\/konfidenczialnost\/#breadcrumb"},"inLanguage":"cs","potentialAction":[{"@type":"ReadAction","target":["https:\/\/daleharvey.org\/konfidenczialnost\/"]}]},{"@type":"BreadcrumbList","@id":"https:\/\/daleharvey.org\/konfidenczialnost\/#breadcrumb","itemListElement":[{"@type":"ListItem","position":1,"name":"\u0413\u043b\u0430\u0432\u043d\u0430\u044f \u0441\u0442\u0440\u0430\u043d\u0438\u0446\u0430","item":"https:\/\/daleharvey.org\/"},{"@type":"ListItem","position":2,"name":"Privacy"}]},{"@type":"WebSite","@id":"https:\/\/daleharvey.org\/#website","url":"https:\/\/daleharvey.org\/","name":"","description":"Welcome to the ultimate online destination for all things steamy, sizzling, and sensational \u2013 the Sex Show Blog Hub! \ud83d\udd25","potentialAction":[{"@type":"SearchAction","target":{"@type":"EntryPoint","urlTemplate":"https:\/\/daleharvey.org\/?s={search_term_string}"},"query-input":"required name=search_term_string"}],"inLanguage":"cs"}]}},"_links":{"self":[{"href":"https:\/\/daleharvey.org\/cs\/wp-json\/wp\/v2\/pages\/42","targetHints":{"allow":["GET"]}}],"collection":[{"href":"https:\/\/daleharvey.org\/cs\/wp-json\/wp\/v2\/pages"}],"about":[{"href":"https:\/\/daleharvey.org\/cs\/wp-json\/wp\/v2\/types\/page"}],"author":[{"embeddable":true,"href":"https:\/\/daleharvey.org\/cs\/wp-json\/wp\/v2\/users\/1"}],"replies":[{"embeddable":true,"href":"https:\/\/daleharvey.org\/cs\/wp-json\/wp\/v2\/comments?post=42"}],"version-history":[{"count":2,"href":"https:\/\/daleharvey.org\/cs\/wp-json\/wp\/v2\/pages\/42\/revisions"}],"predecessor-version":[{"id":206,"href":"https:\/\/daleharvey.org\/cs\/wp-json\/wp\/v2\/pages\/42\/revisions\/206"}],"wp:attachment":[{"href":"https:\/\/daleharvey.org\/cs\/wp-json\/wp\/v2\/media?parent=42"}],"curies":[{"name":"wp","href":"https:\/\/api.w.org\/{rel}","templated":true}]}}