{"id":46,"date":"2023-08-08T16:57:18","date_gmt":"2023-08-08T16:57:18","guid":{"rendered":"https:\/\/defiscalisant.com\/?page_id=46"},"modified":"2023-09-13T15:34:31","modified_gmt":"2023-09-13T15:34:31","slug":"kontakty","status":"publish","type":"page","link":"https:\/\/daleharvey.org\/cs\/kontakty\/","title":{"rendered":"Kontaktujte n\u00e1s"},"content":{"rendered":"<p><strong>Kontaktujte n\u00e1s<\/strong><\/p>\n<p>V\u00e1\u017e\u00edme si va\u0161\u00ed zp\u011btn\u00e9 vazby a dotaz\u016f. M\u00e1te-li jak\u00e9koli dotazy, n\u00e1vrhy nebo obavy, nev\u00e1hejte n\u00e1s kontaktovat. N\u00e1\u0161 specializovan\u00fd t\u00fdm je zde, aby v\u00e1m pomohl.<\/p>\n<p><strong>V\u0161eobecn\u00e9 po\u017eadavky<\/strong> V p\u0159\u00edpad\u011b obecn\u00fdch dotaz\u016f nebo informac\u00ed o na\u0161ich slu\u017eb\u00e1ch kontaktujte n\u00e1\u0161 t\u00fdm z\u00e1kaznick\u00e9 podpory na e-mailov\u00e9 adrese nebo pou\u017eijte kontaktn\u00ed formul\u00e1\u0159 n\u00ed\u017ee.<\/p>\n<p><strong>Technick\u00e1 podpora<\/strong> Pokud pot\u0159ebujete technickou pomoc nebo naraz\u00edte na n\u011bjak\u00e9 probl\u00e9my p\u0159i pou\u017e\u00edv\u00e1n\u00ed na\u0161\u00ed platformy, na\u0161i specialist\u00e9 technick\u00e9 podpory jsou p\u0159ipraveni v\u00e1m pomoci. M\u016f\u017eete je kontaktovat na e-mailov\u00e9 adrese.<\/p>\n<p><strong>Medi\u00e1ln\u00ed a tiskov\u00e9 dotazy<\/strong> \u010clenov\u00e9 m\u00e9di\u00ed, kte\u0159\u00ed hledaj\u00ed informace nebo rozhovory, se mohou obr\u00e1tit na n\u00e1\u0161 t\u00fdm pro styk s m\u00e9dii na e-mailov\u00e9 adrese.<\/p>\n<p><strong>Obchodn\u00ed partnerstv\u00ed<\/strong> Jsme otev\u0159eni prozkoum\u00e1v\u00e1n\u00ed potenci\u00e1ln\u00edch partnerstv\u00ed a spolupr\u00e1ce. V p\u0159\u00edpad\u011b obchodn\u00edch dotaz\u016f kontaktujte n\u00e1\u0161 t\u00fdm pro rozvoj podnik\u00e1n\u00ed na e-mailov\u00e9 adrese.<\/p>\n<p><strong>Z\u00e1kaznick\u00e1 zp\u011btn\u00e1 vazba<\/strong> Va\u0161e zp\u011btn\u00e1 vazba je pro n\u00e1s d\u016fle\u017eit\u00e1. Pom\u00e1h\u00e1 n\u00e1m zlep\u0161ovat na\u0161e slu\u017eby a poskytovat v\u00e1m lep\u0161\u00ed z\u00e1\u017eitek. Pod\u011blte se o sv\u00e9 my\u0161lenky, n\u00e1vrhy nebo obavy pomoc\u00ed kontaktn\u00edho formul\u00e1\u0159e n\u00ed\u017ee.<\/p>\n<p>&nbsp;<\/p>\n<h2 style=\"text-align: center;\"><strong>Kontaktn\u00ed formul\u00e1\u0159<\/strong><\/h2>\n\n<div class=\"wpcf7 no-js\" id=\"wpcf7-f210-o1\" lang=\"en-US\" dir=\"ltr\">\n<div class=\"screen-reader-response\"><p role=\"status\" aria-live=\"polite\" aria-atomic=\"true\"><\/p> <ul><\/ul><\/div>\n<form action=\"\/cs\/wp-json\/wp\/v2\/pages\/46#wpcf7-f210-o1\" method=\"post\" class=\"wpcf7-form init\" aria-label=\"Contact form\" novalidate=\"novalidate\" data-status=\"init\" data-trp-original-action=\"\/cs\/wp-json\/wp\/v2\/pages\/46#wpcf7-f210-o1\">\n<div style=\"display: none;\">\n<input type=\"hidden\" name=\"_wpcf7\" value=\"210\" \/>\n<input type=\"hidden\" name=\"_wpcf7_version\" value=\"5.8\" \/>\n<input type=\"hidden\" name=\"_wpcf7_locale\" value=\"en_US\" \/>\n<input type=\"hidden\" name=\"_wpcf7_unit_tag\" value=\"wpcf7-f210-o1\" \/>\n<input type=\"hidden\" name=\"_wpcf7_container_post\" value=\"0\" \/>\n<input type=\"hidden\" name=\"_wpcf7_posted_data_hash\" value=\"\" \/>\n<\/div>\n<p><label> Tv\u00e9 jm\u00e9no<br \/>\n<span class=\"wpcf7-form-control-wrap\" data-name=\"your-name\"><input size=\"40\" class=\"wpcf7-form-control wpcf7-text wpcf7-validates-as-required\" autocomplete=\"name\" aria-required=\"true\" aria-invalid=\"false\" value=\"\" type=\"text\" name=\"your-name\" \/><\/span> <\/label>\n<\/p>\n<p><label> Tv\u016fj e-mail<br \/>\n<span class=\"wpcf7-form-control-wrap\" data-name=\"your-email\"><input size=\"40\" class=\"wpcf7-form-control wpcf7-email wpcf7-validates-as-required wpcf7-text wpcf7-validates-as-email\" autocomplete=\"email\" aria-required=\"true\" aria-invalid=\"false\" value=\"\" type=\"email\" name=\"your-email\" \/><\/span> <\/label>\n<\/p>\n<p><label> P\u0159edm\u011bt<br \/>\n<span class=\"wpcf7-form-control-wrap\" data-name=\"your-subject\"><input size=\"40\" class=\"wpcf7-form-control wpcf7-text wpcf7-validates-as-required\" aria-required=\"true\" aria-invalid=\"false\" value=\"\" type=\"text\" name=\"your-subject\" \/><\/span> <\/label>\n<\/p>\n<p><label> Va\u0161e zpr\u00e1va (voliteln\u00e9)<br \/>\n<span class=\"wpcf7-form-control-wrap\" data-name=\"your-message\"><textarea cols=\"40\" rows=\"10\" class=\"wpcf7-form-control wpcf7-textarea\" aria-invalid=\"false\" name=\"your-message\"><\/textarea><\/span> <\/label>\n<\/p>\n<p><input class=\"wpcf7-form-control wpcf7-submit has-spinner\" type=\"submit\" value=\"P\u0159edlo\u017eit\" \/>\n<\/p><div class=\"wpcf7-response-output\" aria-hidden=\"true\"><\/div>\n<input type=\"hidden\" name=\"trp-form-language\" value=\"cs\"\/><\/form>\n<\/div>\n\n<p>&nbsp;<\/p>\n<p>&nbsp;<\/p>\n<p style=\"text-align: center;\">D\u011bkujeme, \u017ee jste si vybrali n\u00e1s, a t\u011b\u0161\u00edme se, \u017ee v\u00e1m pom\u016f\u017eeme. Va\u0161e spokojenost je na\u0161\u00ed prioritou.<\/p>\n<p>&nbsp;<\/p>\n<p>&nbsp;<\/p>\n<p>&nbsp;<\/p>","protected":false},"excerpt":{"rendered":"<p>Contact Us We value your feedback and inquiries. If you have any questions, suggestions, or concerns, please don&#8217;t<\/p>","protected":false},"author":1,"featured_media":0,"parent":0,"menu_order":0,"comment_status":"closed","ping_status":"closed","template":"","meta":{"footnotes":""},"class_list":["post-46","page","type-page","status-publish","hentry"],"yoast_head":"<!-- This site is optimized with the Yoast SEO plugin v20.13 - https:\/\/yoast.com\/wordpress\/plugins\/seo\/ -->\n<title>Contact US -<\/title>\n<meta name=\"robots\" content=\"index, follow, max-snippet:-1, max-image-preview:large, max-video-preview:-1\" \/>\n<link rel=\"canonical\" href=\"https:\/\/daleharvey.org\/cs\/kontakty\/\" \/>\n<meta property=\"og:locale\" content=\"cs_CZ\" \/>\n<meta property=\"og:type\" content=\"article\" \/>\n<meta property=\"og:title\" content=\"Contact US -\" \/>\n<meta property=\"og:description\" content=\"Contact Us We value your feedback and inquiries. If you have any questions, suggestions, or concerns, please don&#8217;t\" \/>\n<meta property=\"og:url\" content=\"https:\/\/daleharvey.org\/cs\/kontakty\/\" \/>\n<meta property=\"article:modified_time\" content=\"2023-09-13T15:34:31+00:00\" \/>\n<meta name=\"twitter:card\" content=\"summary_large_image\" \/>\n<meta name=\"twitter:label1\" content=\"Odhadovan\u00e1 doba \u010dten\u00ed\" \/>\n\t<meta name=\"twitter:data1\" content=\"1 minuta\" \/>\n<script type=\"application\/ld+json\" class=\"yoast-schema-graph\">{\"@context\":\"https:\/\/schema.org\",\"@graph\":[{\"@type\":\"WebPage\",\"@id\":\"https:\/\/daleharvey.org\/kontakty\/\",\"url\":\"https:\/\/daleharvey.org\/kontakty\/\",\"name\":\"Contact US -\",\"isPartOf\":{\"@id\":\"https:\/\/daleharvey.org\/#website\"},\"datePublished\":\"2023-08-08T16:57:18+00:00\",\"dateModified\":\"2023-09-13T15:34:31+00:00\",\"breadcrumb\":{\"@id\":\"https:\/\/daleharvey.org\/kontakty\/#breadcrumb\"},\"inLanguage\":\"cs\",\"potentialAction\":[{\"@type\":\"ReadAction\",\"target\":[\"https:\/\/daleharvey.org\/kontakty\/\"]}]},{\"@type\":\"BreadcrumbList\",\"@id\":\"https:\/\/daleharvey.org\/kontakty\/#breadcrumb\",\"itemListElement\":[{\"@type\":\"ListItem\",\"position\":1,\"name\":\"\u0413\u043b\u0430\u0432\u043d\u0430\u044f \u0441\u0442\u0440\u0430\u043d\u0438\u0446\u0430\",\"item\":\"https:\/\/daleharvey.org\/\"},{\"@type\":\"ListItem\",\"position\":2,\"name\":\"Contact US\"}]},{\"@type\":\"WebSite\",\"@id\":\"https:\/\/daleharvey.org\/#website\",\"url\":\"https:\/\/daleharvey.org\/\",\"name\":\"\",\"description\":\"Welcome to the ultimate online destination for all things steamy, sizzling, and sensational \u2013 the Sex Show Blog Hub! \ud83d\udd25\",\"potentialAction\":[{\"@type\":\"SearchAction\",\"target\":{\"@type\":\"EntryPoint\",\"urlTemplate\":\"https:\/\/daleharvey.org\/?s={search_term_string}\"},\"query-input\":\"required name=search_term_string\"}],\"inLanguage\":\"cs\"}]}<\/script>\n<!-- \/ Yoast SEO plugin. -->","yoast_head_json":{"title":"Contact US -","robots":{"index":"index","follow":"follow","max-snippet":"max-snippet:-1","max-image-preview":"max-image-preview:large","max-video-preview":"max-video-preview:-1"},"canonical":"https:\/\/daleharvey.org\/cs\/kontakty\/","og_locale":"cs_CZ","og_type":"article","og_title":"Contact US -","og_description":"Contact Us We value your feedback and inquiries. If you have any questions, suggestions, or concerns, please don&#8217;t","og_url":"https:\/\/daleharvey.org\/cs\/kontakty\/","article_modified_time":"2023-09-13T15:34:31+00:00","twitter_card":"summary_large_image","twitter_misc":{"Odhadovan\u00e1 doba \u010dten\u00ed":"1 minuta"},"schema":{"@context":"https:\/\/schema.org","@graph":[{"@type":"WebPage","@id":"https:\/\/daleharvey.org\/kontakty\/","url":"https:\/\/daleharvey.org\/kontakty\/","name":"Contact US -","isPartOf":{"@id":"https:\/\/daleharvey.org\/#website"},"datePublished":"2023-08-08T16:57:18+00:00","dateModified":"2023-09-13T15:34:31+00:00","breadcrumb":{"@id":"https:\/\/daleharvey.org\/kontakty\/#breadcrumb"},"inLanguage":"cs","potentialAction":[{"@type":"ReadAction","target":["https:\/\/daleharvey.org\/kontakty\/"]}]},{"@type":"BreadcrumbList","@id":"https:\/\/daleharvey.org\/kontakty\/#breadcrumb","itemListElement":[{"@type":"ListItem","position":1,"name":"\u0413\u043b\u0430\u0432\u043d\u0430\u044f \u0441\u0442\u0440\u0430\u043d\u0438\u0446\u0430","item":"https:\/\/daleharvey.org\/"},{"@type":"ListItem","position":2,"name":"Contact US"}]},{"@type":"WebSite","@id":"https:\/\/daleharvey.org\/#website","url":"https:\/\/daleharvey.org\/","name":"","description":"Welcome to the ultimate online destination for all things steamy, sizzling, and sensational \u2013 the Sex Show Blog Hub! \ud83d\udd25","potentialAction":[{"@type":"SearchAction","target":{"@type":"EntryPoint","urlTemplate":"https:\/\/daleharvey.org\/?s={search_term_string}"},"query-input":"required name=search_term_string"}],"inLanguage":"cs"}]}},"_links":{"self":[{"href":"https:\/\/daleharvey.org\/cs\/wp-json\/wp\/v2\/pages\/46","targetHints":{"allow":["GET"]}}],"collection":[{"href":"https:\/\/daleharvey.org\/cs\/wp-json\/wp\/v2\/pages"}],"about":[{"href":"https:\/\/daleharvey.org\/cs\/wp-json\/wp\/v2\/types\/page"}],"author":[{"embeddable":true,"href":"https:\/\/daleharvey.org\/cs\/wp-json\/wp\/v2\/users\/1"}],"replies":[{"embeddable":true,"href":"https:\/\/daleharvey.org\/cs\/wp-json\/wp\/v2\/comments?post=46"}],"version-history":[{"count":5,"href":"https:\/\/daleharvey.org\/cs\/wp-json\/wp\/v2\/pages\/46\/revisions"}],"predecessor-version":[{"id":241,"href":"https:\/\/daleharvey.org\/cs\/wp-json\/wp\/v2\/pages\/46\/revisions\/241"}],"wp:attachment":[{"href":"https:\/\/daleharvey.org\/cs\/wp-json\/wp\/v2\/media?parent=46"}],"curies":[{"name":"wp","href":"https:\/\/api.w.org\/{rel}","templated":true}]}}