{"id":42,"date":"2023-08-08T16:56:50","date_gmt":"2023-08-08T16:56:50","guid":{"rendered":"https:\/\/defiscalisant.com\/?page_id=42"},"modified":"2023-09-05T16:02:23","modified_gmt":"2023-09-05T16:02:23","slug":"konfidenczialnost","status":"publish","type":"page","link":"https:\/\/daleharvey.org\/de\/vertraulich\/","title":{"rendered":"Privatsph\u00e4re"},"content":{"rendered":"<h2>Datenschutzrichtlinie f\u00fcr daleharvey.org<\/h2>\n<p>Willkommen auf daleharvey.org. Ihre Privatsph\u00e4re ist f\u00fcr uns von gr\u00f6\u00dfter Bedeutung. Diese Datenschutzrichtlinie beschreibt die Arten personenbezogener Daten, die wir sammeln, und wie wir diese Informationen verwenden, weitergeben, verwalten und sch\u00fctzen.<\/p>\n<h3>1. Informationen, die wir sammeln<\/h3>\n<h4>1.1 Von Nutzern bereitgestellte Informationen<\/h4>\n<p>Wir erfassen m\u00f6glicherweise Informationen, die Sie uns direkt zur Verf\u00fcgung stellen, beispielsweise wenn Sie sich registrieren, Inhalte ver\u00f6ffentlichen oder mit uns kommunizieren.<\/p>\n<h4>1.2 Automatisierte Datenerfassung<\/h4>\n<p>Wenn Sie unsere Website besuchen, erfassen wir m\u00f6glicherweise automatisch Informationen \u00fcber Ihr Ger\u00e4t, einschlie\u00dflich IP-Adresse, Browsertyp, Betriebssystem und andere technische Informationen.<\/p>\n<h3>2. Wie wir Ihre Daten verwenden<\/h3>\n<p>Wir verwenden Ihre Informationen, um:<\/p>\n<ul>\n<li>Bereitstellung, Pflege und Verbesserung unserer Website<\/li>\n<li>Beantworten Sie Ihre Fragen und Kommentare<\/li>\n<li>Senden Sie Ihnen Updates und Werbematerialien<\/li>\n<li>\u00dcberwachen und analysieren Sie die Nutzung und Trends der Website<\/li>\n<\/ul>\n<h3>3. Weitergabe Ihrer Informationen<\/h3>\n<p>Wir verkaufen oder vermieten Ihre pers\u00f6nlichen Daten nicht an Dritte. Wir geben Ihre Informationen m\u00f6glicherweise weiter an:<\/p>\n<ul>\n<li>Dienstleister, die in unserem Auftrag Leistungen erbringen<\/li>\n<li>Als Reaktion auf rechtliche Verfahren oder wenn es zur Einhaltung des Gesetzes erforderlich ist<\/li>\n<\/ul>\n<h3>4. Cookies und Tracking<\/h3>\n<p>Wir verwenden Cookies und \u00e4hnliche Technologien, um Sie zu erkennen, Ihre Aktivit\u00e4ten zu verfolgen und Ihr Erlebnis individuell zu gestalten.<\/p>\n<h3>5. Datensicherheit<\/h3>\n<p>Wir ergreifen Ma\u00dfnahmen, um Ihre pers\u00f6nlichen Daten vor unbefugtem Zugriff, unbefugter Nutzung und Offenlegung zu sch\u00fctzen.<\/p>\n<h3>6. Privatsph\u00e4re von Kindern<\/h3>\n<p>Unsere Website ist nicht f\u00fcr die Nutzung durch Kinder unter 13 Jahren bestimmt. Wir erfassen wissentlich keine personenbezogenen Daten von Kindern unter 13 Jahren.<\/p>\n<h3>7. Links Dritter<\/h3>\n<p>Unsere Website kann Links zu Websites Dritter enthalten. Wir sind nicht verantwortlich f\u00fcr die Datenschutzpraktiken oder den Inhalt dieser Websites Dritter.<\/p>\n<h3>8. \u00c4nderungen der Datenschutzrichtlinie<\/h3>\n<p>Wir k\u00f6nnen diese Datenschutzrichtlinie von Zeit zu Zeit aktualisieren. Wenn wir wesentliche \u00c4nderungen vornehmen, werden wir Sie \u00fcber die Website oder auf andere Weise benachrichtigen.<\/p>\n<h3><\/h3>\n<p>&nbsp;<\/p>","protected":false},"excerpt":{"rendered":"<p>Datenschutzrichtlinie f\u00fcr daleharvey.org Willkommen bei daleharvey.org. Ihre Privatsph\u00e4re ist f\u00fcr uns von gr\u00f6\u00dfter Bedeutung. Diese Datenschutzrichtlinie<\/p>","protected":false},"author":1,"featured_media":0,"parent":0,"menu_order":0,"comment_status":"closed","ping_status":"closed","template":"","meta":{"footnotes":""},"class_list":["post-42","page","type-page","status-publish","hentry"],"yoast_head":"<!-- This site is optimized with the Yoast SEO plugin v20.13 - https:\/\/yoast.com\/wordpress\/plugins\/seo\/ -->\n<title>Privacy -<\/title>\n<meta name=\"robots\" content=\"index, follow, max-snippet:-1, max-image-preview:large, max-video-preview:-1\" \/>\n<link rel=\"canonical\" href=\"https:\/\/daleharvey.org\/de\/vertraulich\/\" \/>\n<meta property=\"og:locale\" content=\"de_DE\" \/>\n<meta property=\"og:type\" content=\"article\" \/>\n<meta property=\"og:title\" content=\"Privacy -\" \/>\n<meta property=\"og:description\" content=\"Privacy Policy for daleharvey.org Welcome to daleharvey.org. Your privacy is of utmost importance to us. This Privacy Policy\" \/>\n<meta property=\"og:url\" content=\"https:\/\/daleharvey.org\/de\/vertraulich\/\" \/>\n<meta property=\"article:modified_time\" content=\"2023-09-05T16:02:23+00:00\" \/>\n<meta name=\"twitter:card\" content=\"summary_large_image\" \/>\n<meta name=\"twitter:label1\" content=\"Gesch\u00e4tzte Lesezeit\" \/>\n\t<meta name=\"twitter:data1\" content=\"2\u00a0Minuten\" \/>\n<script type=\"application\/ld+json\" class=\"yoast-schema-graph\">{\"@context\":\"https:\/\/schema.org\",\"@graph\":[{\"@type\":\"WebPage\",\"@id\":\"https:\/\/daleharvey.org\/konfidenczialnost\/\",\"url\":\"https:\/\/daleharvey.org\/konfidenczialnost\/\",\"name\":\"Privacy -\",\"isPartOf\":{\"@id\":\"https:\/\/daleharvey.org\/#website\"},\"datePublished\":\"2023-08-08T16:56:50+00:00\",\"dateModified\":\"2023-09-05T16:02:23+00:00\",\"breadcrumb\":{\"@id\":\"https:\/\/daleharvey.org\/konfidenczialnost\/#breadcrumb\"},\"inLanguage\":\"de\",\"potentialAction\":[{\"@type\":\"ReadAction\",\"target\":[\"https:\/\/daleharvey.org\/konfidenczialnost\/\"]}]},{\"@type\":\"BreadcrumbList\",\"@id\":\"https:\/\/daleharvey.org\/konfidenczialnost\/#breadcrumb\",\"itemListElement\":[{\"@type\":\"ListItem\",\"position\":1,\"name\":\"\u0413\u043b\u0430\u0432\u043d\u0430\u044f \u0441\u0442\u0440\u0430\u043d\u0438\u0446\u0430\",\"item\":\"https:\/\/daleharvey.org\/\"},{\"@type\":\"ListItem\",\"position\":2,\"name\":\"Privacy\"}]},{\"@type\":\"WebSite\",\"@id\":\"https:\/\/daleharvey.org\/#website\",\"url\":\"https:\/\/daleharvey.org\/\",\"name\":\"\",\"description\":\"Welcome to the ultimate online destination for all things steamy, sizzling, and sensational \u2013 the Sex Show Blog Hub! \ud83d\udd25\",\"potentialAction\":[{\"@type\":\"SearchAction\",\"target\":{\"@type\":\"EntryPoint\",\"urlTemplate\":\"https:\/\/daleharvey.org\/?s={search_term_string}\"},\"query-input\":\"required name=search_term_string\"}],\"inLanguage\":\"de\"}]}<\/script>\n<!-- \/ Yoast SEO plugin. -->","yoast_head_json":{"title":"Privacy -","robots":{"index":"index","follow":"follow","max-snippet":"max-snippet:-1","max-image-preview":"max-image-preview:large","max-video-preview":"max-video-preview:-1"},"canonical":"https:\/\/daleharvey.org\/de\/vertraulich\/","og_locale":"de_DE","og_type":"article","og_title":"Privacy -","og_description":"Privacy Policy for daleharvey.org Welcome to daleharvey.org. Your privacy is of utmost importance to us. This Privacy Policy","og_url":"https:\/\/daleharvey.org\/de\/vertraulich\/","article_modified_time":"2023-09-05T16:02:23+00:00","twitter_card":"summary_large_image","twitter_misc":{"Gesch\u00e4tzte Lesezeit":"2\u00a0Minuten"},"schema":{"@context":"https:\/\/schema.org","@graph":[{"@type":"WebPage","@id":"https:\/\/daleharvey.org\/konfidenczialnost\/","url":"https:\/\/daleharvey.org\/konfidenczialnost\/","name":"Privacy -","isPartOf":{"@id":"https:\/\/daleharvey.org\/#website"},"datePublished":"2023-08-08T16:56:50+00:00","dateModified":"2023-09-05T16:02:23+00:00","breadcrumb":{"@id":"https:\/\/daleharvey.org\/konfidenczialnost\/#breadcrumb"},"inLanguage":"de","potentialAction":[{"@type":"ReadAction","target":["https:\/\/daleharvey.org\/konfidenczialnost\/"]}]},{"@type":"BreadcrumbList","@id":"https:\/\/daleharvey.org\/konfidenczialnost\/#breadcrumb","itemListElement":[{"@type":"ListItem","position":1,"name":"\u0413\u043b\u0430\u0432\u043d\u0430\u044f \u0441\u0442\u0440\u0430\u043d\u0438\u0446\u0430","item":"https:\/\/daleharvey.org\/"},{"@type":"ListItem","position":2,"name":"Privacy"}]},{"@type":"WebSite","@id":"https:\/\/daleharvey.org\/#website","url":"https:\/\/daleharvey.org\/","name":"","description":"Welcome to the ultimate online destination for all things steamy, sizzling, and sensational \u2013 the Sex Show Blog Hub! \ud83d\udd25","potentialAction":[{"@type":"SearchAction","target":{"@type":"EntryPoint","urlTemplate":"https:\/\/daleharvey.org\/?s={search_term_string}"},"query-input":"required name=search_term_string"}],"inLanguage":"de"}]}},"_links":{"self":[{"href":"https:\/\/daleharvey.org\/de\/wp-json\/wp\/v2\/pages\/42","targetHints":{"allow":["GET"]}}],"collection":[{"href":"https:\/\/daleharvey.org\/de\/wp-json\/wp\/v2\/pages"}],"about":[{"href":"https:\/\/daleharvey.org\/de\/wp-json\/wp\/v2\/types\/page"}],"author":[{"embeddable":true,"href":"https:\/\/daleharvey.org\/de\/wp-json\/wp\/v2\/users\/1"}],"replies":[{"embeddable":true,"href":"https:\/\/daleharvey.org\/de\/wp-json\/wp\/v2\/comments?post=42"}],"version-history":[{"count":2,"href":"https:\/\/daleharvey.org\/de\/wp-json\/wp\/v2\/pages\/42\/revisions"}],"predecessor-version":[{"id":206,"href":"https:\/\/daleharvey.org\/de\/wp-json\/wp\/v2\/pages\/42\/revisions\/206"}],"wp:attachment":[{"href":"https:\/\/daleharvey.org\/de\/wp-json\/wp\/v2\/media?parent=42"}],"curies":[{"name":"wp","href":"https:\/\/api.w.org\/{rel}","templated":true}]}}