{"id":42,"date":"2023-08-08T16:56:50","date_gmt":"2023-08-08T16:56:50","guid":{"rendered":"https:\/\/defiscalisant.com\/?page_id=42"},"modified":"2023-09-05T16:02:23","modified_gmt":"2023-09-05T16:02:23","slug":"konfidenczialnost","status":"publish","type":"page","link":"https:\/\/daleharvey.org\/es\/confianza\/","title":{"rendered":"Privacidad"},"content":{"rendered":"<h2>Pol\u00edtica de privacidad para daleharvey.org<\/h2>\n<p>Bienvenido a daleharvey.org. Su privacidad es de suma importancia para nosotros. Esta Pol\u00edtica de Privacidad describe los tipos de informaci\u00f3n personal que recopilamos y c\u00f3mo usamos, compartimos, mantenemos y protegemos esa informaci\u00f3n.<\/p>\n<h3>1. Informaci\u00f3n que recopilamos<\/h3>\n<h4>1.1 Informaci\u00f3n proporcionada por los usuarios<\/h4>\n<p>Podemos recopilar informaci\u00f3n que usted nos proporciona directamente, como cuando se registra, publica contenido o se comunica con nosotros.<\/p>\n<h4>1.2 Recopilaci\u00f3n de datos automatizada<\/h4>\n<p>Cuando visita nuestro sitio, podemos recopilar autom\u00e1ticamente informaci\u00f3n sobre su dispositivo, incluida la direcci\u00f3n IP, el tipo de navegador, el sistema operativo y otra informaci\u00f3n t\u00e9cnica.<\/p>\n<h3>2. C\u00f3mo utilizamos su informaci\u00f3n<\/h3>\n<p>Usamos su informaci\u00f3n para:<\/p>\n<ul>\n<li>Proporcionar, mantener y mejorar nuestro sitio.<\/li>\n<li>Responder a tus preguntas y comentarios<\/li>\n<li>Enviarle actualizaciones y materiales promocionales.<\/li>\n<li>Monitorear y analizar el uso y las tendencias del sitio.<\/li>\n<\/ul>\n<h3>3. Compartir su informaci\u00f3n<\/h3>\n<p>No vendemos ni alquilamos su informaci\u00f3n personal a terceros. Podr\u00edamos compartir su informaci\u00f3n con:<\/p>\n<ul>\n<li>Proveedores de servicios que prestan servicios en nuestro nombre<\/li>\n<li>En respuesta a procesos legales o cuando sea requerido para cumplir con la ley.<\/li>\n<\/ul>\n<h3>4. Cookies y seguimiento<\/h3>\n<p>Utilizamos cookies y tecnolog\u00edas similares para reconocerlo, rastrear su actividad y personalizar su experiencia.<\/p>\n<h3>5. Seguridad de los datos<\/h3>\n<p>Tomamos medidas para proteger su informaci\u00f3n personal del acceso, uso y divulgaci\u00f3n no autorizados.<\/p>\n<h3>6. Privacidad de los ni\u00f1os<\/h3>\n<p>Nuestro sitio no est\u00e1 dise\u00f1ado para que lo utilicen ni\u00f1os menores de 13 a\u00f1os. No recopilamos intencionalmente informaci\u00f3n personal de ni\u00f1os menores de 13 a\u00f1os.<\/p>\n<h3>7. Enlaces de terceros<\/h3>\n<p>Nuestro sitio puede contener enlaces a sitios web de terceros. No somos responsables de las pr\u00e1cticas de privacidad o el contenido de estos sitios de terceros.<\/p>\n<h3>8. Cambios en la Pol\u00edtica de Privacidad<\/h3>\n<p>Podemos actualizar esta Pol\u00edtica de Privacidad de vez en cuando. Si realizamos cambios significativos, se lo notificaremos a trav\u00e9s del sitio u otros medios.<\/p>\n<h3><\/h3>\n<p>&nbsp;<\/p>","protected":false},"excerpt":{"rendered":"<p>Pol\u00edtica de privacidad para daleharvey.org Bienvenido a daleharvey.org. Su privacidad es de suma importancia para nosotros. Esta Pol\u00edtica de Privacidad<\/p>","protected":false},"author":1,"featured_media":0,"parent":0,"menu_order":0,"comment_status":"closed","ping_status":"closed","template":"","meta":{"footnotes":""},"class_list":["post-42","page","type-page","status-publish","hentry"],"yoast_head":"<!-- This site is optimized with the Yoast SEO plugin v20.13 - https:\/\/yoast.com\/wordpress\/plugins\/seo\/ -->\n<title>Privacy -<\/title>\n<meta name=\"robots\" content=\"index, follow, max-snippet:-1, max-image-preview:large, max-video-preview:-1\" \/>\n<link rel=\"canonical\" href=\"https:\/\/daleharvey.org\/es\/confianza\/\" \/>\n<meta property=\"og:locale\" content=\"es_ES\" \/>\n<meta property=\"og:type\" content=\"article\" \/>\n<meta property=\"og:title\" content=\"Privacy -\" \/>\n<meta property=\"og:description\" content=\"Privacy Policy for daleharvey.org Welcome to daleharvey.org. Your privacy is of utmost importance to us. This Privacy Policy\" \/>\n<meta property=\"og:url\" content=\"https:\/\/daleharvey.org\/es\/confianza\/\" \/>\n<meta property=\"article:modified_time\" content=\"2023-09-05T16:02:23+00:00\" \/>\n<meta name=\"twitter:card\" content=\"summary_large_image\" \/>\n<meta name=\"twitter:label1\" content=\"Tiempo de lectura\" \/>\n\t<meta name=\"twitter:data1\" content=\"2 minutos\" \/>\n<script type=\"application\/ld+json\" class=\"yoast-schema-graph\">{\"@context\":\"https:\/\/schema.org\",\"@graph\":[{\"@type\":\"WebPage\",\"@id\":\"https:\/\/daleharvey.org\/konfidenczialnost\/\",\"url\":\"https:\/\/daleharvey.org\/konfidenczialnost\/\",\"name\":\"Privacy -\",\"isPartOf\":{\"@id\":\"https:\/\/daleharvey.org\/#website\"},\"datePublished\":\"2023-08-08T16:56:50+00:00\",\"dateModified\":\"2023-09-05T16:02:23+00:00\",\"breadcrumb\":{\"@id\":\"https:\/\/daleharvey.org\/konfidenczialnost\/#breadcrumb\"},\"inLanguage\":\"es\",\"potentialAction\":[{\"@type\":\"ReadAction\",\"target\":[\"https:\/\/daleharvey.org\/konfidenczialnost\/\"]}]},{\"@type\":\"BreadcrumbList\",\"@id\":\"https:\/\/daleharvey.org\/konfidenczialnost\/#breadcrumb\",\"itemListElement\":[{\"@type\":\"ListItem\",\"position\":1,\"name\":\"\u0413\u043b\u0430\u0432\u043d\u0430\u044f \u0441\u0442\u0440\u0430\u043d\u0438\u0446\u0430\",\"item\":\"https:\/\/daleharvey.org\/\"},{\"@type\":\"ListItem\",\"position\":2,\"name\":\"Privacy\"}]},{\"@type\":\"WebSite\",\"@id\":\"https:\/\/daleharvey.org\/#website\",\"url\":\"https:\/\/daleharvey.org\/\",\"name\":\"\",\"description\":\"Welcome to the ultimate online destination for all things steamy, sizzling, and sensational \u2013 the Sex Show Blog Hub! \ud83d\udd25\",\"potentialAction\":[{\"@type\":\"SearchAction\",\"target\":{\"@type\":\"EntryPoint\",\"urlTemplate\":\"https:\/\/daleharvey.org\/?s={search_term_string}\"},\"query-input\":\"required name=search_term_string\"}],\"inLanguage\":\"es\"}]}<\/script>\n<!-- \/ Yoast SEO plugin. -->","yoast_head_json":{"title":"Privacy -","robots":{"index":"index","follow":"follow","max-snippet":"max-snippet:-1","max-image-preview":"max-image-preview:large","max-video-preview":"max-video-preview:-1"},"canonical":"https:\/\/daleharvey.org\/es\/confianza\/","og_locale":"es_ES","og_type":"article","og_title":"Privacy -","og_description":"Privacy Policy for daleharvey.org Welcome to daleharvey.org. Your privacy is of utmost importance to us. This Privacy Policy","og_url":"https:\/\/daleharvey.org\/es\/confianza\/","article_modified_time":"2023-09-05T16:02:23+00:00","twitter_card":"summary_large_image","twitter_misc":{"Tiempo de lectura":"2 minutos"},"schema":{"@context":"https:\/\/schema.org","@graph":[{"@type":"WebPage","@id":"https:\/\/daleharvey.org\/konfidenczialnost\/","url":"https:\/\/daleharvey.org\/konfidenczialnost\/","name":"Privacy -","isPartOf":{"@id":"https:\/\/daleharvey.org\/#website"},"datePublished":"2023-08-08T16:56:50+00:00","dateModified":"2023-09-05T16:02:23+00:00","breadcrumb":{"@id":"https:\/\/daleharvey.org\/konfidenczialnost\/#breadcrumb"},"inLanguage":"es","potentialAction":[{"@type":"ReadAction","target":["https:\/\/daleharvey.org\/konfidenczialnost\/"]}]},{"@type":"BreadcrumbList","@id":"https:\/\/daleharvey.org\/konfidenczialnost\/#breadcrumb","itemListElement":[{"@type":"ListItem","position":1,"name":"\u0413\u043b\u0430\u0432\u043d\u0430\u044f \u0441\u0442\u0440\u0430\u043d\u0438\u0446\u0430","item":"https:\/\/daleharvey.org\/"},{"@type":"ListItem","position":2,"name":"Privacy"}]},{"@type":"WebSite","@id":"https:\/\/daleharvey.org\/#website","url":"https:\/\/daleharvey.org\/","name":"","description":"Welcome to the ultimate online destination for all things steamy, sizzling, and sensational \u2013 the Sex Show Blog Hub! \ud83d\udd25","potentialAction":[{"@type":"SearchAction","target":{"@type":"EntryPoint","urlTemplate":"https:\/\/daleharvey.org\/?s={search_term_string}"},"query-input":"required name=search_term_string"}],"inLanguage":"es"}]}},"_links":{"self":[{"href":"https:\/\/daleharvey.org\/es\/wp-json\/wp\/v2\/pages\/42","targetHints":{"allow":["GET"]}}],"collection":[{"href":"https:\/\/daleharvey.org\/es\/wp-json\/wp\/v2\/pages"}],"about":[{"href":"https:\/\/daleharvey.org\/es\/wp-json\/wp\/v2\/types\/page"}],"author":[{"embeddable":true,"href":"https:\/\/daleharvey.org\/es\/wp-json\/wp\/v2\/users\/1"}],"replies":[{"embeddable":true,"href":"https:\/\/daleharvey.org\/es\/wp-json\/wp\/v2\/comments?post=42"}],"version-history":[{"count":2,"href":"https:\/\/daleharvey.org\/es\/wp-json\/wp\/v2\/pages\/42\/revisions"}],"predecessor-version":[{"id":206,"href":"https:\/\/daleharvey.org\/es\/wp-json\/wp\/v2\/pages\/42\/revisions\/206"}],"wp:attachment":[{"href":"https:\/\/daleharvey.org\/es\/wp-json\/wp\/v2\/media?parent=42"}],"curies":[{"name":"wp","href":"https:\/\/api.w.org\/{rel}","templated":true}]}}