{"id":46,"date":"2023-08-08T16:57:18","date_gmt":"2023-08-08T16:57:18","guid":{"rendered":"https:\/\/defiscalisant.com\/?page_id=46"},"modified":"2023-09-13T15:34:31","modified_gmt":"2023-09-13T15:34:31","slug":"kontakty","status":"publish","type":"page","link":"https:\/\/daleharvey.org\/fr\/contact\/","title":{"rendered":"Contactez-nous"},"content":{"rendered":"<p><strong>Contactez-nous<\/strong><\/p>\n<p>Nous appr\u00e9cions vos commentaires et vos demandes de renseignements. Si vous avez des questions, des suggestions ou des pr\u00e9occupations, n&#039;h\u00e9sitez pas \u00e0 nous contacter. Notre \u00e9quipe d\u00e9di\u00e9e est l\u00e0 pour vous aider.<\/p>\n<p><strong>Renseignements g\u00e9n\u00e9raux<\/strong> Pour des questions g\u00e9n\u00e9rales ou des informations sur nos services, veuillez contacter notre \u00e9quipe de support client \u00e0 l&#039;adresse e-mail ou utiliser le formulaire de contact ci-dessous.<\/p>\n<p><strong>Soutien technique<\/strong> Si vous avez besoin d&#039;une assistance technique ou rencontrez des probl\u00e8mes lors de l&#039;utilisation de notre plateforme, nos sp\u00e9cialistes du support technique sont pr\u00eats \u00e0 vous aider. Vous pouvez les joindre \u00e0 l&#039;adresse e-mail.<\/p>\n<p><strong>Demandes des m\u00e9dias et de la presse<\/strong> Les membres des m\u00e9dias qui recherchent des informations ou des interviews peuvent contacter notre \u00e9quipe des relations avec les m\u00e9dias \u00e0 l&#039;adresse e-mail.<\/p>\n<p><strong>Partenariats commerciaux<\/strong> Nous sommes ouverts \u00e0 l\u2019exploration de partenariats et de collaborations potentiels. Pour toute demande commerciale, veuillez contacter notre \u00e9quipe de d\u00e9veloppement commercial \u00e0 l\u2019adresse e-mail.<\/p>\n<p><strong>Commentaires des clients<\/strong> Votre avis est important pour nous. Cela nous aide \u00e0 am\u00e9liorer nos services et \u00e0 vous offrir une meilleure exp\u00e9rience. Veuillez partager vos r\u00e9flexions, suggestions ou pr\u00e9occupations en utilisant le formulaire de contact ci-dessous.<\/p>\n<p>&nbsp;<\/p>\n<h2 style=\"text-align: center;\"><strong>Formulaire de contact<\/strong><\/h2>\n\n<div class=\"wpcf7 no-js\" id=\"wpcf7-f210-o1\" lang=\"en-US\" dir=\"ltr\">\n<div class=\"screen-reader-response\"><p role=\"status\" aria-live=\"polite\" aria-atomic=\"true\"><\/p> <ul><\/ul><\/div>\n<form action=\"\/fr\/wp-json\/wp\/v2\/pages\/46#wpcf7-f210-o1\" method=\"post\" class=\"wpcf7-form init\" aria-label=\"Contact form\" novalidate=\"novalidate\" data-status=\"init\" data-trp-original-action=\"\/fr\/wp-json\/wp\/v2\/pages\/46#wpcf7-f210-o1\">\n<div style=\"display: none;\">\n<input type=\"hidden\" name=\"_wpcf7\" value=\"210\" \/>\n<input type=\"hidden\" name=\"_wpcf7_version\" value=\"5.8\" \/>\n<input type=\"hidden\" name=\"_wpcf7_locale\" value=\"en_US\" \/>\n<input type=\"hidden\" name=\"_wpcf7_unit_tag\" value=\"wpcf7-f210-o1\" \/>\n<input type=\"hidden\" name=\"_wpcf7_container_post\" value=\"0\" \/>\n<input type=\"hidden\" name=\"_wpcf7_posted_data_hash\" value=\"\" \/>\n<\/div>\n<p><label> Votre nom<br \/>\n<span class=\"wpcf7-form-control-wrap\" data-name=\"your-name\"><input size=\"40\" class=\"wpcf7-form-control wpcf7-text wpcf7-validates-as-required\" autocomplete=\"name\" aria-required=\"true\" aria-invalid=\"false\" value=\"\" type=\"text\" name=\"your-name\" \/><\/span> <\/label>\n<\/p>\n<p><label> Votre email<br \/>\n<span class=\"wpcf7-form-control-wrap\" data-name=\"your-email\"><input size=\"40\" class=\"wpcf7-form-control wpcf7-email wpcf7-validates-as-required wpcf7-text wpcf7-validates-as-email\" autocomplete=\"email\" aria-required=\"true\" aria-invalid=\"false\" value=\"\" type=\"email\" name=\"your-email\" \/><\/span> <\/label>\n<\/p>\n<p><label> Sujet<br \/>\n<span class=\"wpcf7-form-control-wrap\" data-name=\"your-subject\"><input size=\"40\" class=\"wpcf7-form-control wpcf7-text wpcf7-validates-as-required\" aria-required=\"true\" aria-invalid=\"false\" value=\"\" type=\"text\" name=\"your-subject\" \/><\/span> <\/label>\n<\/p>\n<p><label> Votre message (facultatif)<br \/>\n<span class=\"wpcf7-form-control-wrap\" data-name=\"your-message\"><textarea cols=\"40\" rows=\"10\" class=\"wpcf7-form-control wpcf7-textarea\" aria-invalid=\"false\" name=\"your-message\"><\/textarea><\/span> <\/label>\n<\/p>\n<p><input class=\"wpcf7-form-control wpcf7-submit has-spinner\" type=\"submit\" value=\"Soumettre\" \/>\n<\/p><div class=\"wpcf7-response-output\" aria-hidden=\"true\"><\/div>\n<input type=\"hidden\" name=\"trp-form-language\" value=\"fr\"\/><\/form>\n<\/div>\n\n<p>&nbsp;<\/p>\n<p>&nbsp;<\/p>\n<p style=\"text-align: center;\">Merci de nous avoir choisis et nous sommes impatients de vous aider. Votre satisfaction est notre priorit\u00e9.<\/p>\n<p>&nbsp;<\/p>\n<p>&nbsp;<\/p>\n<p>&nbsp;<\/p>","protected":false},"excerpt":{"rendered":"<p>Contact Us We value your feedback and inquiries. If you have any questions, suggestions, or concerns, please don&#8217;t<\/p>","protected":false},"author":1,"featured_media":0,"parent":0,"menu_order":0,"comment_status":"closed","ping_status":"closed","template":"","meta":{"footnotes":""},"class_list":["post-46","page","type-page","status-publish","hentry"],"yoast_head":"<!-- This site is optimized with the Yoast SEO plugin v20.13 - https:\/\/yoast.com\/wordpress\/plugins\/seo\/ -->\n<title>Contact US -<\/title>\n<meta name=\"robots\" content=\"index, follow, max-snippet:-1, max-image-preview:large, max-video-preview:-1\" \/>\n<link rel=\"canonical\" href=\"https:\/\/daleharvey.org\/fr\/contact\/\" \/>\n<meta property=\"og:locale\" content=\"fr_FR\" \/>\n<meta property=\"og:type\" content=\"article\" \/>\n<meta property=\"og:title\" content=\"Contact US -\" \/>\n<meta property=\"og:description\" content=\"Contact Us We value your feedback and inquiries. If you have any questions, suggestions, or concerns, please don&#8217;t\" \/>\n<meta property=\"og:url\" content=\"https:\/\/daleharvey.org\/fr\/contact\/\" \/>\n<meta property=\"article:modified_time\" content=\"2023-09-13T15:34:31+00:00\" \/>\n<meta name=\"twitter:card\" content=\"summary_large_image\" \/>\n<meta name=\"twitter:label1\" content=\"Dur\u00e9e de lecture estim\u00e9e\" \/>\n\t<meta name=\"twitter:data1\" content=\"1 minute\" \/>\n<script type=\"application\/ld+json\" class=\"yoast-schema-graph\">{\"@context\":\"https:\/\/schema.org\",\"@graph\":[{\"@type\":\"WebPage\",\"@id\":\"https:\/\/daleharvey.org\/kontakty\/\",\"url\":\"https:\/\/daleharvey.org\/kontakty\/\",\"name\":\"Contact US -\",\"isPartOf\":{\"@id\":\"https:\/\/daleharvey.org\/#website\"},\"datePublished\":\"2023-08-08T16:57:18+00:00\",\"dateModified\":\"2023-09-13T15:34:31+00:00\",\"breadcrumb\":{\"@id\":\"https:\/\/daleharvey.org\/kontakty\/#breadcrumb\"},\"inLanguage\":\"fr-FR\",\"potentialAction\":[{\"@type\":\"ReadAction\",\"target\":[\"https:\/\/daleharvey.org\/kontakty\/\"]}]},{\"@type\":\"BreadcrumbList\",\"@id\":\"https:\/\/daleharvey.org\/kontakty\/#breadcrumb\",\"itemListElement\":[{\"@type\":\"ListItem\",\"position\":1,\"name\":\"\u0413\u043b\u0430\u0432\u043d\u0430\u044f \u0441\u0442\u0440\u0430\u043d\u0438\u0446\u0430\",\"item\":\"https:\/\/daleharvey.org\/\"},{\"@type\":\"ListItem\",\"position\":2,\"name\":\"Contact US\"}]},{\"@type\":\"WebSite\",\"@id\":\"https:\/\/daleharvey.org\/#website\",\"url\":\"https:\/\/daleharvey.org\/\",\"name\":\"\",\"description\":\"Welcome to the ultimate online destination for all things steamy, sizzling, and sensational \u2013 the Sex Show Blog Hub! \ud83d\udd25\",\"potentialAction\":[{\"@type\":\"SearchAction\",\"target\":{\"@type\":\"EntryPoint\",\"urlTemplate\":\"https:\/\/daleharvey.org\/?s={search_term_string}\"},\"query-input\":\"required name=search_term_string\"}],\"inLanguage\":\"fr-FR\"}]}<\/script>\n<!-- \/ Yoast SEO plugin. -->","yoast_head_json":{"title":"Contact US -","robots":{"index":"index","follow":"follow","max-snippet":"max-snippet:-1","max-image-preview":"max-image-preview:large","max-video-preview":"max-video-preview:-1"},"canonical":"https:\/\/daleharvey.org\/fr\/contact\/","og_locale":"fr_FR","og_type":"article","og_title":"Contact US -","og_description":"Contact Us We value your feedback and inquiries. If you have any questions, suggestions, or concerns, please don&#8217;t","og_url":"https:\/\/daleharvey.org\/fr\/contact\/","article_modified_time":"2023-09-13T15:34:31+00:00","twitter_card":"summary_large_image","twitter_misc":{"Dur\u00e9e de lecture estim\u00e9e":"1 minute"},"schema":{"@context":"https:\/\/schema.org","@graph":[{"@type":"WebPage","@id":"https:\/\/daleharvey.org\/kontakty\/","url":"https:\/\/daleharvey.org\/kontakty\/","name":"Contact US -","isPartOf":{"@id":"https:\/\/daleharvey.org\/#website"},"datePublished":"2023-08-08T16:57:18+00:00","dateModified":"2023-09-13T15:34:31+00:00","breadcrumb":{"@id":"https:\/\/daleharvey.org\/kontakty\/#breadcrumb"},"inLanguage":"fr-FR","potentialAction":[{"@type":"ReadAction","target":["https:\/\/daleharvey.org\/kontakty\/"]}]},{"@type":"BreadcrumbList","@id":"https:\/\/daleharvey.org\/kontakty\/#breadcrumb","itemListElement":[{"@type":"ListItem","position":1,"name":"\u0413\u043b\u0430\u0432\u043d\u0430\u044f \u0441\u0442\u0440\u0430\u043d\u0438\u0446\u0430","item":"https:\/\/daleharvey.org\/"},{"@type":"ListItem","position":2,"name":"Contact US"}]},{"@type":"WebSite","@id":"https:\/\/daleharvey.org\/#website","url":"https:\/\/daleharvey.org\/","name":"","description":"Welcome to the ultimate online destination for all things steamy, sizzling, and sensational \u2013 the Sex Show Blog Hub! \ud83d\udd25","potentialAction":[{"@type":"SearchAction","target":{"@type":"EntryPoint","urlTemplate":"https:\/\/daleharvey.org\/?s={search_term_string}"},"query-input":"required name=search_term_string"}],"inLanguage":"fr-FR"}]}},"_links":{"self":[{"href":"https:\/\/daleharvey.org\/fr\/wp-json\/wp\/v2\/pages\/46","targetHints":{"allow":["GET"]}}],"collection":[{"href":"https:\/\/daleharvey.org\/fr\/wp-json\/wp\/v2\/pages"}],"about":[{"href":"https:\/\/daleharvey.org\/fr\/wp-json\/wp\/v2\/types\/page"}],"author":[{"embeddable":true,"href":"https:\/\/daleharvey.org\/fr\/wp-json\/wp\/v2\/users\/1"}],"replies":[{"embeddable":true,"href":"https:\/\/daleharvey.org\/fr\/wp-json\/wp\/v2\/comments?post=46"}],"version-history":[{"count":5,"href":"https:\/\/daleharvey.org\/fr\/wp-json\/wp\/v2\/pages\/46\/revisions"}],"predecessor-version":[{"id":241,"href":"https:\/\/daleharvey.org\/fr\/wp-json\/wp\/v2\/pages\/46\/revisions\/241"}],"wp:attachment":[{"href":"https:\/\/daleharvey.org\/fr\/wp-json\/wp\/v2\/media?parent=46"}],"curies":[{"name":"wp","href":"https:\/\/api.w.org\/{rel}","templated":true}]}}