{"id":44,"date":"2023-08-08T16:57:06","date_gmt":"2023-08-08T16:57:06","guid":{"rendered":"https:\/\/defiscalisant.com\/?page_id=44"},"modified":"2023-09-13T15:19:23","modified_gmt":"2023-09-13T15:19:23","slug":"o-nas","status":"publish","type":"page","link":"https:\/\/daleharvey.org\/tr\/o-nas\/","title":{"rendered":"Hakk\u0131nda"},"content":{"rendered":"<p>Canl\u0131 Web Kameras\u0131 Sohbetlerinin Duygusal D\u00fcnyas\u0131na Ho\u015f Geldiniz!<\/p>\n<p>Erotik web kameras\u0131 sohbetlerinin heyecan verici d\u00fcnyas\u0131na do\u011fru heyecan verici bir yolculu\u011fa \u00e7\u0131kmaya haz\u0131r m\u0131s\u0131n\u0131z? Ba\u015fka yerde arama; Samimi, canl\u0131 \u00e7evrimi\u00e7i kar\u015f\u0131la\u015fmalar\u0131n merakl\u0131lar\u0131 i\u00e7in nihai hedefe ula\u015ft\u0131n\u0131z. Platformumuz, s\u0131n\u0131rlar\u0131 a\u015fan benzersiz bir deneyim sunan, tutku ve ba\u011flant\u0131n\u0131n hazinesidir.<\/p>\n<p><strong>Heyecan\u0131 Ortaya \u00c7\u0131kar\u0131yoruz: Canl\u0131 Web Kameras\u0131 Sohbetleri<\/strong> D\u00fcnyan\u0131n d\u00f6rt bir yan\u0131ndan benzer d\u00fc\u015f\u00fcncelere sahip, ortak arzu ve fantezilerin pe\u015finde ko\u015fan ki\u015filerle ba\u011flant\u0131 kurabildi\u011finizi hayal edin. Web sitemizde, duygusall\u0131klar\u0131n\u0131 ke\u015ffetme ve daha derin bir d\u00fczeyde ba\u011flant\u0131 kurma konusunda tutkulu olan web kameras\u0131 sohbet merakl\u0131lar\u0131ndan olu\u015fan \u00e7e\u015fitli bir topluluk toplad\u0131k. \u0130ster te\u015fvik edici sohbetler, sanal arkada\u015fl\u0131k ar\u0131yor olun, ister sadece bu heyecan verici d\u00fcnyay\u0131 merak ediyor olun, arad\u0131\u011f\u0131n\u0131z her \u015fey burada.<\/p>\n<p><strong>\u00c7ok Y\u00f6nl\u00fc Olas\u0131l\u0131klar Evreni<\/strong> Web sitemiz sadece bir rehber de\u011fildir; buras\u0131 bir bilgi, ke\u015fif ve ba\u011flant\u0131 merkezidir. \u0130\u015fte neler bekleyebilece\u011finize dair bir bak\u0131\u015f:<\/p>\n<ol>\n<li><strong>Kapsaml\u0131 Blogosfer:<\/strong> Web kameras\u0131 sohbetlerinin karma\u015f\u0131k d\u00fcnyas\u0131na dald\u0131\u011f\u0131m\u0131z kapsaml\u0131 blog koleksiyonumuza dal\u0131n. Blogcular\u0131m\u0131z, \u00e7evrimi\u00e7i yak\u0131nl\u0131\u011f\u0131n heyecan verici alan\u0131nda gezinmenize yard\u0131mc\u0131 olacak i\u00e7g\u00f6r\u00fcleri, ipu\u00e7lar\u0131n\u0131 ve ki\u015fisel deneyimleri payla\u015f\u0131yor.<\/li>\n<li><strong>Haberler ve Makaleler:<\/strong> Web kameras\u0131 sohbetleri d\u00fcnyas\u0131ndaki en son geli\u015fmeler, trendler ve haberlerden haberdar olun. Uzmanlardan ve katk\u0131da bulunanlardan olu\u015fan ekibimiz size bu b\u00fcy\u00fcleyici evrenin \u00e7e\u015fitli y\u00f6nlerini ke\u015ffeden d\u00fc\u015f\u00fcnd\u00fcr\u00fcc\u00fc makaleler sunuyor.<\/li>\n<li><strong>Sohbet \u00c7e\u015fitlili\u011fi:<\/strong> \u0130lgi alanlar\u0131n\u0131za uygun \u00e7ok \u00e7e\u015fitli sohbet kategorilerini ke\u015ffedin. Romantik bulu\u015fmalardan ate\u015fli rol oyunlar\u0131na kadar platformumuz farkl\u0131 tercihlere hitap ediyor. Arzular\u0131n\u0131z i\u00e7in m\u00fckemmel e\u015fle\u015fmeyi bulun.<\/li>\n<li><strong>Fl\u00f6rt Y\u00f6ntemleri:<\/strong> Ba\u015far\u0131l\u0131 \u00e7evrimi\u00e7i ba\u011flant\u0131lar i\u00e7in kan\u0131tlanm\u0131\u015f stratejileri ve teknikleri ke\u015ffedin. \u0130lgi \u00e7ekici profiller olu\u015fturma, ilgi \u00e7ekici sohbetleri ba\u015flatma ve anlaml\u0131 ba\u011flant\u0131lar\u0131 geli\u015ftirme konusunda de\u011ferli tavsiyeler sa\u011fl\u0131yoruz.<\/li>\n<li><strong>Erotik Yay\u0131nc\u0131lar:<\/strong> Erotik yay\u0131n d\u00fcnyas\u0131na dal\u0131n. Kanallar\u0131 arac\u0131l\u0131\u011f\u0131yla duygusall\u0131\u011fa hayat veren yetenekli bireyler hakk\u0131nda bilgi edinin. Programlar\u0131 ve performanslar\u0131 hakk\u0131nda g\u00fcncel bilgi edinin ve b\u00fcy\u00fcleyici g\u00f6sterilerinin keyfini \u00e7\u0131kar\u0131n.<\/li>\n<\/ol>\n<p><strong>G\u00fcvenli ve Gizli Bir Alan<\/strong> Gizlili\u011finiz ve g\u00fcvenli\u011finiz bizim i\u00e7in her \u015feyden \u00f6nemlidir. T\u00fcm kullan\u0131c\u0131lar i\u00e7in g\u00fcvenli ve keyifli bir ortam sa\u011flamak amac\u0131yla kat\u0131 kurallara uyuyoruz. Platformumuzun takdirinize ve gizlili\u011finize de\u011fer verdi\u011fini bilerek arzular\u0131n\u0131z\u0131 g\u00fcvenle ke\u015ffedebilirsiniz.<\/p>","protected":false},"excerpt":{"rendered":"<p>Canl\u0131 Web Kameras\u0131 Sohbetlerinin Duygusal D\u00fcnyas\u0131na Ho\u015f Geldiniz! Heyecan verici bir yolculu\u011fa \u00e7\u0131kmaya haz\u0131r m\u0131s\u0131n\u0131z?<\/p>","protected":false},"author":1,"featured_media":0,"parent":0,"menu_order":0,"comment_status":"closed","ping_status":"closed","template":"","meta":{"footnotes":""},"class_list":["post-44","page","type-page","status-publish","hentry"],"yoast_head":"<!-- This site is optimized with the Yoast SEO plugin v20.13 - https:\/\/yoast.com\/wordpress\/plugins\/seo\/ -->\n<title>About -<\/title>\n<meta name=\"robots\" content=\"index, follow, max-snippet:-1, max-image-preview:large, max-video-preview:-1\" \/>\n<link rel=\"canonical\" href=\"https:\/\/daleharvey.org\/tr\/o-nas\/\" \/>\n<meta property=\"og:locale\" content=\"tr_TR\" \/>\n<meta property=\"og:type\" content=\"article\" \/>\n<meta property=\"og:title\" content=\"About -\" \/>\n<meta property=\"og:description\" content=\"Welcome to the Sensual World of Live Webcam Chats! Are you ready to embark on a thrilling journey\" \/>\n<meta property=\"og:url\" content=\"https:\/\/daleharvey.org\/tr\/o-nas\/\" \/>\n<meta property=\"article:modified_time\" content=\"2023-09-13T15:19:23+00:00\" \/>\n<meta name=\"twitter:card\" content=\"summary_large_image\" \/>\n<script type=\"application\/ld+json\" class=\"yoast-schema-graph\">{\"@context\":\"https:\/\/schema.org\",\"@graph\":[{\"@type\":\"WebPage\",\"@id\":\"https:\/\/daleharvey.org\/o-nas\/\",\"url\":\"https:\/\/daleharvey.org\/o-nas\/\",\"name\":\"About -\",\"isPartOf\":{\"@id\":\"https:\/\/daleharvey.org\/#website\"},\"datePublished\":\"2023-08-08T16:57:06+00:00\",\"dateModified\":\"2023-09-13T15:19:23+00:00\",\"breadcrumb\":{\"@id\":\"https:\/\/daleharvey.org\/o-nas\/#breadcrumb\"},\"inLanguage\":\"tr\",\"potentialAction\":[{\"@type\":\"ReadAction\",\"target\":[\"https:\/\/daleharvey.org\/o-nas\/\"]}]},{\"@type\":\"BreadcrumbList\",\"@id\":\"https:\/\/daleharvey.org\/o-nas\/#breadcrumb\",\"itemListElement\":[{\"@type\":\"ListItem\",\"position\":1,\"name\":\"\u0413\u043b\u0430\u0432\u043d\u0430\u044f \u0441\u0442\u0440\u0430\u043d\u0438\u0446\u0430\",\"item\":\"https:\/\/daleharvey.org\/\"},{\"@type\":\"ListItem\",\"position\":2,\"name\":\"About\"}]},{\"@type\":\"WebSite\",\"@id\":\"https:\/\/daleharvey.org\/#website\",\"url\":\"https:\/\/daleharvey.org\/\",\"name\":\"\",\"description\":\"Welcome to the ultimate online destination for all things steamy, sizzling, and sensational \u2013 the Sex Show Blog Hub! \ud83d\udd25\",\"potentialAction\":[{\"@type\":\"SearchAction\",\"target\":{\"@type\":\"EntryPoint\",\"urlTemplate\":\"https:\/\/daleharvey.org\/?s={search_term_string}\"},\"query-input\":\"required name=search_term_string\"}],\"inLanguage\":\"tr\"}]}<\/script>\n<!-- \/ Yoast SEO plugin. -->","yoast_head_json":{"title":"About -","robots":{"index":"index","follow":"follow","max-snippet":"max-snippet:-1","max-image-preview":"max-image-preview:large","max-video-preview":"max-video-preview:-1"},"canonical":"https:\/\/daleharvey.org\/tr\/o-nas\/","og_locale":"tr_TR","og_type":"article","og_title":"About -","og_description":"Welcome to the Sensual World of Live Webcam Chats! Are you ready to embark on a thrilling journey","og_url":"https:\/\/daleharvey.org\/tr\/o-nas\/","article_modified_time":"2023-09-13T15:19:23+00:00","twitter_card":"summary_large_image","schema":{"@context":"https:\/\/schema.org","@graph":[{"@type":"WebPage","@id":"https:\/\/daleharvey.org\/o-nas\/","url":"https:\/\/daleharvey.org\/o-nas\/","name":"About -","isPartOf":{"@id":"https:\/\/daleharvey.org\/#website"},"datePublished":"2023-08-08T16:57:06+00:00","dateModified":"2023-09-13T15:19:23+00:00","breadcrumb":{"@id":"https:\/\/daleharvey.org\/o-nas\/#breadcrumb"},"inLanguage":"tr","potentialAction":[{"@type":"ReadAction","target":["https:\/\/daleharvey.org\/o-nas\/"]}]},{"@type":"BreadcrumbList","@id":"https:\/\/daleharvey.org\/o-nas\/#breadcrumb","itemListElement":[{"@type":"ListItem","position":1,"name":"\u0413\u043b\u0430\u0432\u043d\u0430\u044f \u0441\u0442\u0440\u0430\u043d\u0438\u0446\u0430","item":"https:\/\/daleharvey.org\/"},{"@type":"ListItem","position":2,"name":"About"}]},{"@type":"WebSite","@id":"https:\/\/daleharvey.org\/#website","url":"https:\/\/daleharvey.org\/","name":"","description":"Welcome to the ultimate online destination for all things steamy, sizzling, and sensational \u2013 the Sex Show Blog Hub! \ud83d\udd25","potentialAction":[{"@type":"SearchAction","target":{"@type":"EntryPoint","urlTemplate":"https:\/\/daleharvey.org\/?s={search_term_string}"},"query-input":"required name=search_term_string"}],"inLanguage":"tr"}]}},"_links":{"self":[{"href":"https:\/\/daleharvey.org\/tr\/wp-json\/wp\/v2\/pages\/44","targetHints":{"allow":["GET"]}}],"collection":[{"href":"https:\/\/daleharvey.org\/tr\/wp-json\/wp\/v2\/pages"}],"about":[{"href":"https:\/\/daleharvey.org\/tr\/wp-json\/wp\/v2\/types\/page"}],"author":[{"embeddable":true,"href":"https:\/\/daleharvey.org\/tr\/wp-json\/wp\/v2\/users\/1"}],"replies":[{"embeddable":true,"href":"https:\/\/daleharvey.org\/tr\/wp-json\/wp\/v2\/comments?post=44"}],"version-history":[{"count":2,"href":"https:\/\/daleharvey.org\/tr\/wp-json\/wp\/v2\/pages\/44\/revisions"}],"predecessor-version":[{"id":237,"href":"https:\/\/daleharvey.org\/tr\/wp-json\/wp\/v2\/pages\/44\/revisions\/237"}],"wp:attachment":[{"href":"https:\/\/daleharvey.org\/tr\/wp-json\/wp\/v2\/media?parent=44"}],"curies":[{"name":"wp","href":"https:\/\/api.w.org\/{rel}","templated":true}]}}