{"id":46,"date":"2023-08-08T16:57:18","date_gmt":"2023-08-08T16:57:18","guid":{"rendered":"https:\/\/defiscalisant.com\/?page_id=46"},"modified":"2023-09-13T15:34:31","modified_gmt":"2023-09-13T15:34:31","slug":"kontakty","status":"publish","type":"page","link":"https:\/\/daleharvey.org\/tr\/iletisim\/","title":{"rendered":"Bize Ula\u015f\u0131n"},"content":{"rendered":"<p><strong>Bize Ula\u015f\u0131n<\/strong><\/p>\n<p>Geri bildirimlerinize ve sorular\u0131n\u0131za de\u011fer veriyoruz. Herhangi bir sorunuz, \u00f6neriniz veya endi\u015feniz varsa l\u00fctfen bizimle ileti\u015fime ge\u00e7mekten \u00e7ekinmeyin. \u00d6zel ekibimiz size yard\u0131mc\u0131 olmak i\u00e7in burada.<\/p>\n<p><strong>Genel Sorular<\/strong> Hizmetlerimizle ilgili genel sorular\u0131n\u0131z veya bilgi i\u00e7in l\u00fctfen e-posta adresinden m\u00fc\u015fteri destek ekibimizle ileti\u015fime ge\u00e7in veya a\u015fa\u011f\u0131daki ileti\u015fim formunu kullan\u0131n.<\/p>\n<p><strong>Teknik Destek<\/strong> Platformumuzu kullan\u0131rken teknik yard\u0131ma ihtiyac\u0131n\u0131z olursa veya herhangi bir sorunla kar\u015f\u0131la\u015f\u0131rsan\u0131z teknik destek uzmanlar\u0131m\u0131z yard\u0131ma haz\u0131rd\u0131r. Onlara e-posta adresinden ula\u015fabilirsiniz.<\/p>\n<p><strong>Medya ve Bas\u0131n Sorular\u0131<\/strong> Bilgi almak veya r\u00f6portaj yapmak isteyen medya mensuplar\u0131, medya ili\u015fkileri ekibimize e-posta adresinden ula\u015fabilirler.<\/p>\n<p><strong>\u0130\u015f Ortakl\u0131klar\u0131<\/strong> Potansiyel ortakl\u0131klar\u0131 ve i\u015fbirliklerini ke\u015ffetmeye a\u00e7\u0131\u011f\u0131z. \u0130\u015fle ilgili sorular\u0131n\u0131z i\u00e7in l\u00fctfen e-posta adresinden i\u015f geli\u015ftirme ekibimizle ileti\u015fime ge\u00e7in.<\/p>\n<p><strong>M\u00fc\u015fteri geribildirimi<\/strong> Geri bildiriminiz bizim i\u00e7in \u00f6nemlidir. Hizmetlerimizi geli\u015ftirmemize ve size daha iyi bir deneyim sunmam\u0131za yard\u0131mc\u0131 olur. L\u00fctfen a\u015fa\u011f\u0131daki ileti\u015fim formunu kullanarak d\u00fc\u015f\u00fcncelerinizi, \u00f6nerilerinizi veya endi\u015felerinizi payla\u015f\u0131n.<\/p>\n<p>&nbsp;<\/p>\n<h2 style=\"text-align: center;\"><strong>\u0130leti\u015fim Formu<\/strong><\/h2>\n\n<div class=\"wpcf7 no-js\" id=\"wpcf7-f210-o1\" lang=\"en-US\" dir=\"ltr\">\n<div class=\"screen-reader-response\"><p role=\"status\" aria-live=\"polite\" aria-atomic=\"true\"><\/p> <ul><\/ul><\/div>\n<form action=\"\/tr\/wp-json\/wp\/v2\/pages\/46#wpcf7-f210-o1\" method=\"post\" class=\"wpcf7-form init\" aria-label=\"Contact form\" novalidate=\"novalidate\" data-status=\"init\" data-trp-original-action=\"\/tr\/wp-json\/wp\/v2\/pages\/46#wpcf7-f210-o1\">\n<div style=\"display: none;\">\n<input type=\"hidden\" name=\"_wpcf7\" value=\"210\" \/>\n<input type=\"hidden\" name=\"_wpcf7_version\" value=\"5.8\" \/>\n<input type=\"hidden\" name=\"_wpcf7_locale\" value=\"en_US\" \/>\n<input type=\"hidden\" name=\"_wpcf7_unit_tag\" value=\"wpcf7-f210-o1\" \/>\n<input type=\"hidden\" name=\"_wpcf7_container_post\" value=\"0\" \/>\n<input type=\"hidden\" name=\"_wpcf7_posted_data_hash\" value=\"\" \/>\n<\/div>\n<p><label> Ad\u0131n\u0131z<br \/>\n<span class=\"wpcf7-form-control-wrap\" data-name=\"your-name\"><input size=\"40\" class=\"wpcf7-form-control wpcf7-text wpcf7-validates-as-required\" autocomplete=\"name\" aria-required=\"true\" aria-invalid=\"false\" value=\"\" type=\"text\" name=\"your-name\" \/><\/span> <\/label>\n<\/p>\n<p><label> E-posta adresiniz<br \/>\n<span class=\"wpcf7-form-control-wrap\" data-name=\"your-email\"><input size=\"40\" class=\"wpcf7-form-control wpcf7-email wpcf7-validates-as-required wpcf7-text wpcf7-validates-as-email\" autocomplete=\"email\" aria-required=\"true\" aria-invalid=\"false\" value=\"\" type=\"email\" name=\"your-email\" \/><\/span> <\/label>\n<\/p>\n<p><label> Ders<br \/>\n<span class=\"wpcf7-form-control-wrap\" data-name=\"your-subject\"><input size=\"40\" class=\"wpcf7-form-control wpcf7-text wpcf7-validates-as-required\" aria-required=\"true\" aria-invalid=\"false\" value=\"\" type=\"text\" name=\"your-subject\" \/><\/span> <\/label>\n<\/p>\n<p><label> Mesaj\u0131n\u0131z (iste\u011fe ba\u011fl\u0131)<br \/>\n<span class=\"wpcf7-form-control-wrap\" data-name=\"your-message\"><textarea cols=\"40\" rows=\"10\" class=\"wpcf7-form-control wpcf7-textarea\" aria-invalid=\"false\" name=\"your-message\"><\/textarea><\/span> <\/label>\n<\/p>\n<p><input class=\"wpcf7-form-control wpcf7-submit has-spinner\" type=\"submit\" value=\"G\u00f6ndermek\" \/>\n<\/p><div class=\"wpcf7-response-output\" aria-hidden=\"true\"><\/div>\n<input type=\"hidden\" name=\"trp-form-language\" value=\"tr\"\/><\/form>\n<\/div>\n\n<p>&nbsp;<\/p>\n<p>&nbsp;<\/p>\n<p style=\"text-align: center;\">Bizi se\u00e7ti\u011finiz i\u00e7in te\u015fekk\u00fcr ederiz ve size yard\u0131mc\u0131 olmay\u0131 sab\u0131rs\u0131zl\u0131kla bekliyoruz. Memnuniyetiniz bizim \u00f6nceli\u011fimizdir.<\/p>\n<p>&nbsp;<\/p>\n<p>&nbsp;<\/p>\n<p>&nbsp;<\/p>","protected":false},"excerpt":{"rendered":"<p>Contact Us We value your feedback and inquiries. If you have any questions, suggestions, or concerns, please don&#8217;t<\/p>","protected":false},"author":1,"featured_media":0,"parent":0,"menu_order":0,"comment_status":"closed","ping_status":"closed","template":"","meta":{"footnotes":""},"class_list":["post-46","page","type-page","status-publish","hentry"],"yoast_head":"<!-- This site is optimized with the Yoast SEO plugin v20.13 - https:\/\/yoast.com\/wordpress\/plugins\/seo\/ -->\n<title>Contact US -<\/title>\n<meta name=\"robots\" content=\"index, follow, max-snippet:-1, max-image-preview:large, max-video-preview:-1\" \/>\n<link rel=\"canonical\" href=\"https:\/\/daleharvey.org\/tr\/iletisim\/\" \/>\n<meta property=\"og:locale\" content=\"tr_TR\" \/>\n<meta property=\"og:type\" content=\"article\" \/>\n<meta property=\"og:title\" content=\"Contact US -\" \/>\n<meta property=\"og:description\" content=\"Contact Us We value your feedback and inquiries. If you have any questions, suggestions, or concerns, please don&#8217;t\" \/>\n<meta property=\"og:url\" content=\"https:\/\/daleharvey.org\/tr\/iletisim\/\" \/>\n<meta property=\"article:modified_time\" content=\"2023-09-13T15:34:31+00:00\" \/>\n<meta name=\"twitter:card\" content=\"summary_large_image\" \/>\n<meta name=\"twitter:label1\" content=\"Tahmini okuma s\u00fcresi\" \/>\n\t<meta name=\"twitter:data1\" content=\"1 dakika\" \/>\n<script type=\"application\/ld+json\" class=\"yoast-schema-graph\">{\"@context\":\"https:\/\/schema.org\",\"@graph\":[{\"@type\":\"WebPage\",\"@id\":\"https:\/\/daleharvey.org\/kontakty\/\",\"url\":\"https:\/\/daleharvey.org\/kontakty\/\",\"name\":\"Contact US -\",\"isPartOf\":{\"@id\":\"https:\/\/daleharvey.org\/#website\"},\"datePublished\":\"2023-08-08T16:57:18+00:00\",\"dateModified\":\"2023-09-13T15:34:31+00:00\",\"breadcrumb\":{\"@id\":\"https:\/\/daleharvey.org\/kontakty\/#breadcrumb\"},\"inLanguage\":\"tr\",\"potentialAction\":[{\"@type\":\"ReadAction\",\"target\":[\"https:\/\/daleharvey.org\/kontakty\/\"]}]},{\"@type\":\"BreadcrumbList\",\"@id\":\"https:\/\/daleharvey.org\/kontakty\/#breadcrumb\",\"itemListElement\":[{\"@type\":\"ListItem\",\"position\":1,\"name\":\"\u0413\u043b\u0430\u0432\u043d\u0430\u044f \u0441\u0442\u0440\u0430\u043d\u0438\u0446\u0430\",\"item\":\"https:\/\/daleharvey.org\/\"},{\"@type\":\"ListItem\",\"position\":2,\"name\":\"Contact US\"}]},{\"@type\":\"WebSite\",\"@id\":\"https:\/\/daleharvey.org\/#website\",\"url\":\"https:\/\/daleharvey.org\/\",\"name\":\"\",\"description\":\"Welcome to the ultimate online destination for all things steamy, sizzling, and sensational \u2013 the Sex Show Blog Hub! \ud83d\udd25\",\"potentialAction\":[{\"@type\":\"SearchAction\",\"target\":{\"@type\":\"EntryPoint\",\"urlTemplate\":\"https:\/\/daleharvey.org\/?s={search_term_string}\"},\"query-input\":\"required name=search_term_string\"}],\"inLanguage\":\"tr\"}]}<\/script>\n<!-- \/ Yoast SEO plugin. -->","yoast_head_json":{"title":"Contact US -","robots":{"index":"index","follow":"follow","max-snippet":"max-snippet:-1","max-image-preview":"max-image-preview:large","max-video-preview":"max-video-preview:-1"},"canonical":"https:\/\/daleharvey.org\/tr\/iletisim\/","og_locale":"tr_TR","og_type":"article","og_title":"Contact US -","og_description":"Contact Us We value your feedback and inquiries. If you have any questions, suggestions, or concerns, please don&#8217;t","og_url":"https:\/\/daleharvey.org\/tr\/iletisim\/","article_modified_time":"2023-09-13T15:34:31+00:00","twitter_card":"summary_large_image","twitter_misc":{"Tahmini okuma s\u00fcresi":"1 dakika"},"schema":{"@context":"https:\/\/schema.org","@graph":[{"@type":"WebPage","@id":"https:\/\/daleharvey.org\/kontakty\/","url":"https:\/\/daleharvey.org\/kontakty\/","name":"Contact US -","isPartOf":{"@id":"https:\/\/daleharvey.org\/#website"},"datePublished":"2023-08-08T16:57:18+00:00","dateModified":"2023-09-13T15:34:31+00:00","breadcrumb":{"@id":"https:\/\/daleharvey.org\/kontakty\/#breadcrumb"},"inLanguage":"tr","potentialAction":[{"@type":"ReadAction","target":["https:\/\/daleharvey.org\/kontakty\/"]}]},{"@type":"BreadcrumbList","@id":"https:\/\/daleharvey.org\/kontakty\/#breadcrumb","itemListElement":[{"@type":"ListItem","position":1,"name":"\u0413\u043b\u0430\u0432\u043d\u0430\u044f \u0441\u0442\u0440\u0430\u043d\u0438\u0446\u0430","item":"https:\/\/daleharvey.org\/"},{"@type":"ListItem","position":2,"name":"Contact US"}]},{"@type":"WebSite","@id":"https:\/\/daleharvey.org\/#website","url":"https:\/\/daleharvey.org\/","name":"","description":"Welcome to the ultimate online destination for all things steamy, sizzling, and sensational \u2013 the Sex Show Blog Hub! \ud83d\udd25","potentialAction":[{"@type":"SearchAction","target":{"@type":"EntryPoint","urlTemplate":"https:\/\/daleharvey.org\/?s={search_term_string}"},"query-input":"required name=search_term_string"}],"inLanguage":"tr"}]}},"_links":{"self":[{"href":"https:\/\/daleharvey.org\/tr\/wp-json\/wp\/v2\/pages\/46","targetHints":{"allow":["GET"]}}],"collection":[{"href":"https:\/\/daleharvey.org\/tr\/wp-json\/wp\/v2\/pages"}],"about":[{"href":"https:\/\/daleharvey.org\/tr\/wp-json\/wp\/v2\/types\/page"}],"author":[{"embeddable":true,"href":"https:\/\/daleharvey.org\/tr\/wp-json\/wp\/v2\/users\/1"}],"replies":[{"embeddable":true,"href":"https:\/\/daleharvey.org\/tr\/wp-json\/wp\/v2\/comments?post=46"}],"version-history":[{"count":5,"href":"https:\/\/daleharvey.org\/tr\/wp-json\/wp\/v2\/pages\/46\/revisions"}],"predecessor-version":[{"id":241,"href":"https:\/\/daleharvey.org\/tr\/wp-json\/wp\/v2\/pages\/46\/revisions\/241"}],"wp:attachment":[{"href":"https:\/\/daleharvey.org\/tr\/wp-json\/wp\/v2\/media?parent=46"}],"curies":[{"name":"wp","href":"https:\/\/api.w.org\/{rel}","templated":true}]}}